{"id":3,"date":"2024-05-24T04:41:31","date_gmt":"2024-05-24T03:41:31","guid":{"rendered":"https:\/\/www.leakagetester.com\/?page_id=3"},"modified":"2024-10-12T04:45:15","modified_gmt":"2024-10-12T03:45:15","slug":"privacy-policy","status":"publish","type":"page","link":"https:\/\/www.leakagetester.com\/ca\/privacy-policy\/","title":{"rendered":"Pol\u00edtica de privadesa"},"content":{"rendered":"<h2 class=\"wp-block-heading\">Qui som<\/h2>\n\n\n\n<p>L&#039;adre\u00e7a de la nostra p\u00e0gina web \u00e9s: https:\/\/www.leakagetester.com.<\/p>\n\n\n\n<h2 class=\"wp-block-heading\">Comentaris<\/h2>\n\n\n\n<p>Quan els visitants deixen comentaris al lloc, recollim les dades que es mostren al formulari de comentaris, i tamb\u00e9 l&#039;adre\u00e7a IP del visitant i la cadena d&#039;agent d&#039;usuari del navegador per ajudar a la detecci\u00f3 de correu brossa.<\/p>\n\n\n\n<p>Es pot proporcionar una cadena an\u00f2nima creada a partir de la vostra adre\u00e7a de correu electr\u00f2nic (tamb\u00e9 anomenada hash) al servei Gravatar per veure si l&#039;est\u00e0s utilitzant. La Pol\u00edtica de privadesa del servei Gravatar est\u00e0 disponible aqu\u00ed: https:\/\/automattic.com\/privacy\/. Despr\u00e9s de l&#039;aprovaci\u00f3 del teu comentari, la teva foto de perfil \u00e9s visible per al p\u00fablic en el context del teu comentari.<\/p>\n\n\n\n<h2 class=\"wp-block-heading\">Mitjans de comunicaci\u00f3<\/h2>\n\n\n\n<p>Si pengeu imatges al lloc web, heu d&#039;evitar penjar imatges amb dades d&#039;ubicaci\u00f3 incrustades (EXIF GPS) incloses. Els visitants del lloc web poden descarregar i extreure qualsevol dada d&#039;ubicaci\u00f3 de les imatges del lloc web.<\/p>\n\n\n\n<h2 class=\"wp-block-heading\">Galetes<\/h2>\n\n\n\n<p>Si deixeu un comentari al nostre lloc, podeu optar per desar el vostre nom, adre\u00e7a de correu electr\u00f2nic i lloc web a les galetes. Aquestes s\u00f3n per a la teva comoditat perqu\u00e8 no hagis d&#039;omplir les teves dades de nou quan deixis un altre comentari. Aquestes galetes duraran un any.<\/p>\n\n\n\n<p>Si visiteu la nostra p\u00e0gina d&#039;inici de sessi\u00f3, establirem una galeta temporal per determinar si el vostre navegador accepta cookies. Aquesta galeta no cont\u00e9 dades personals i es descarta quan tanqueu el navegador.<\/p>\n\n\n\n<p>Quan inicieu sessi\u00f3, tamb\u00e9 configurarem diverses galetes per desar la vostra informaci\u00f3 d&#039;inici de sessi\u00f3 i les vostres opcions de visualitzaci\u00f3 de la pantalla. Les galetes d&#039;inici de sessi\u00f3 duren dos dies i les d&#039;opcions de pantalla un any. Si seleccioneu &quot;Recorda&#039;m&quot;, el vostre inici de sessi\u00f3 es mantindr\u00e0 durant dues setmanes. Si tanqueu la sessi\u00f3 del vostre compte, les galetes d&#039;inici de sessi\u00f3 s&#039;eliminaran.<\/p>\n\n\n\n<p>Si editeu o publiqueu un article, es desar\u00e0 una galeta addicional al vostre navegador. Aquesta galeta no inclou dades personals i simplement indica l&#039;ID de publicaci\u00f3 de l&#039;article que acabeu d&#039;editar. Caduca al cap d&#039;1 dia.<\/p>\n\n\n\n<h2 class=\"wp-block-heading\">Contingut incrustat d&#039;altres llocs web<\/h2>\n\n\n\n<p>Els articles d&#039;aquest lloc poden incloure contingut incrustat (per exemple, v\u00eddeos, imatges, articles, etc.). El contingut incrustat d&#039;altres llocs web es comporta exactament de la mateixa manera que si el visitant hagu\u00e9s visitat l&#039;altre lloc web.<\/p>\n\n\n\n<p>Aquests llocs web poden recopilar dades sobre tu, utilitzar galetes, incrustar un seguiment addicional de tercers i supervisar la teva interacci\u00f3 amb aquest contingut incrustat, incl\u00f2s el seguiment de la teva interacci\u00f3 amb el contingut incrustat si tens un compte i est\u00e0s connectat a aquest lloc web.<\/p>\n\n\n\n<h2 class=\"wp-block-heading\">Amb qui compartim les teves dades<\/h2>\n\n\n\n<p><strong class=\"privacy-policy-tutorial\"> <\/strong>Si sol\u00b7liciteu un restabliment de la contrasenya, la vostra adre\u00e7a IP s&#039;inclour\u00e0 al correu electr\u00f2nic de restabliment.<\/p>\n\n\n\n<h2 class=\"wp-block-heading\">Quant de temps conservem les vostres dades<\/h2>\n\n\n\n<p>Si deixeu un comentari, el comentari i les seves metadades es conserven indefinidament. Aix\u00f2 \u00e9s perqu\u00e8 puguem recon\u00e8ixer i aprovar qualsevol comentari de seguiment autom\u00e0ticament en lloc de mantenir-los en una cua de moderaci\u00f3.<\/p>\n\n\n\n<p>Per als usuaris que es registren al nostre lloc web (si n&#039;hi ha), tamb\u00e9 emmagatzemem la informaci\u00f3 personal que proporcionen al seu perfil d&#039;usuari. Tots els usuaris poden veure, editar o suprimir la seva informaci\u00f3 personal en qualsevol moment (excepte que no poden canviar el seu nom d&#039;usuari). Els administradors del lloc web tamb\u00e9 poden veure i editar aquesta informaci\u00f3.<\/p>\n\n\n\n<h2 class=\"wp-block-heading\">Quins drets tens sobre les teves dades<\/h2>\n\n\n\n<p>Si teniu un compte en aquest lloc o heu deixat comentaris, podeu sol\u00b7licitar rebre un fitxer exportat de les dades personals que tenim sobre vosaltres, incloses les dades que ens h\u00e0giu proporcionat. Tamb\u00e9 podeu sol\u00b7licitar que esborrem les dades personals que tenim sobre vosaltres. Aix\u00f2 no inclou cap dada que estem obligats a conservar amb finalitats administratives, legals o de seguretat.<\/p>\n\n\n\n<h2 class=\"wp-block-heading\">On s&#039;envien les teves dades<\/h2>\n\n\n\n<p>Els comentaris dels visitants es poden comprovar mitjan\u00e7ant un servei automatitzat de detecci\u00f3 de correu brossa.<\/p>","protected":false},"excerpt":{"rendered":"<p>Qui som   L'adre\u00e7a del nostre lloc web \u00e9s: https:\/\/www.leakagetester.com.   Comentaris   Quan els visitants deixen comentaris al lloc, recollim les dades que es mostren al formulari de comentaris, aix\u00ed com l'adre\u00e7a IP del visitant i la cadena d'agent d'usuari del navegador per ajudar en la detecci\u00f3 de correu brossa.   Una cadena anonimitzada creada a partir de la vostra adre\u00e7a de correu electr\u00f2nic (tamb\u00e9 anomenada hash) es pot proporcionar [\u2026]","protected":false},"author":1,"featured_media":0,"parent":0,"menu_order":0,"comment_status":"closed","ping_status":"open","template":"","meta":{"_uag_custom_page_level_css":"","footnotes":""},"class_list":["post-3","page","type-page","status-publish","hentry"],"yoast_head":"<!-- This site is optimized with the Yoast SEO plugin v25.5 - https:\/\/yoast.com\/wordpress\/plugins\/seo\/ -->\n<title>Our website address is: https:\/\/www.leakagetester.com.- Leakage Tester<\/title>\n<meta name=\"description\" content=\"Privacy Policy for Cell Instruments Leakage Tester Site. Our website address is: https:\/\/www.leakagetester.com\" \/>\n<meta name=\"robots\" content=\"index, follow, max-snippet:-1, max-image-preview:large, max-video-preview:-1\" \/>\n<link rel=\"canonical\" href=\"https:\/\/www.leakagetester.com\/ca\/privacy-policy\/\" \/>\n<meta property=\"og:locale\" content=\"ca_ES\" \/>\n<meta property=\"og:type\" content=\"article\" \/>\n<meta property=\"og:title\" content=\"Our website address is: https:\/\/www.leakagetester.com.- Leakage Tester\" \/>\n<meta property=\"og:description\" content=\"Privacy Policy for Cell Instruments Leakage Tester Site. Our website address is: https:\/\/www.leakagetester.com\" \/>\n<meta property=\"og:url\" content=\"https:\/\/www.leakagetester.com\/ca\/privacy-policy\/\" \/>\n<meta property=\"og:site_name\" content=\"Leakage Tester\" \/>\n<meta property=\"article:publisher\" content=\"https:\/\/www.facebook.com\/cellinstruments\/\" \/>\n<meta property=\"article:modified_time\" content=\"2024-10-12T03:45:15+00:00\" \/>\n<meta name=\"twitter:card\" content=\"summary_large_image\" \/>\n<meta name=\"twitter:label1\" content=\"Temps estimat de lectura\" \/>\n\t<meta name=\"twitter:data1\" content=\"3 minuts\" \/>\n<script type=\"application\/ld+json\" class=\"yoast-schema-graph\">{\"@context\":\"https:\/\/schema.org\",\"@graph\":[{\"@type\":\"WebPage\",\"@id\":\"https:\/\/www.leakagetester.com\/privacy-policy\/\",\"url\":\"https:\/\/www.leakagetester.com\/privacy-policy\/\",\"name\":\"Our website address is: https:\/\/www.leakagetester.com.- Leakage Tester\",\"isPartOf\":{\"@id\":\"https:\/\/www.leakagetester.com\/#website\"},\"datePublished\":\"2024-05-24T03:41:31+00:00\",\"dateModified\":\"2024-10-12T03:45:15+00:00\",\"description\":\"Privacy Policy for Cell Instruments Leakage Tester Site. Our website address is: https:\/\/www.leakagetester.com\",\"breadcrumb\":{\"@id\":\"https:\/\/www.leakagetester.com\/privacy-policy\/#breadcrumb\"},\"inLanguage\":\"ca\",\"potentialAction\":[{\"@type\":\"ReadAction\",\"target\":[\"https:\/\/www.leakagetester.com\/privacy-policy\/\"]}]},{\"@type\":\"BreadcrumbList\",\"@id\":\"https:\/\/www.leakagetester.com\/privacy-policy\/#breadcrumb\",\"itemListElement\":[{\"@type\":\"ListItem\",\"position\":1,\"name\":\"Home\",\"item\":\"https:\/\/www.leakagetester.com\/\"},{\"@type\":\"ListItem\",\"position\":2,\"name\":\"Privacy Policy\"}]},{\"@type\":\"WebSite\",\"@id\":\"https:\/\/www.leakagetester.com\/#website\",\"url\":\"https:\/\/www.leakagetester.com\/\",\"name\":\"Leakage Testing Solutions\",\"description\":\"CELL INSTRUMENTS CO., LTD.\",\"publisher\":{\"@id\":\"https:\/\/www.leakagetester.com\/#organization\"},\"potentialAction\":[{\"@type\":\"SearchAction\",\"target\":{\"@type\":\"EntryPoint\",\"urlTemplate\":\"https:\/\/www.leakagetester.com\/?s={search_term_string}\"},\"query-input\":{\"@type\":\"PropertyValueSpecification\",\"valueRequired\":true,\"valueName\":\"search_term_string\"}}],\"inLanguage\":\"ca\"},{\"@type\":\"Organization\",\"@id\":\"https:\/\/www.leakagetester.com\/#organization\",\"name\":\"Cell Instruments Co., Ltd.\",\"url\":\"https:\/\/www.leakagetester.com\/\",\"logo\":{\"@type\":\"ImageObject\",\"inLanguage\":\"ca\",\"@id\":\"https:\/\/www.leakagetester.com\/#\/schema\/logo\/image\/\",\"url\":\"https:\/\/www.leakagetester.com\/wp-content\/uploads\/2024\/05\/EN-One-Stop-Solutions-Provider.png\",\"contentUrl\":\"https:\/\/www.leakagetester.com\/wp-content\/uploads\/2024\/05\/EN-One-Stop-Solutions-Provider.png\",\"width\":1269,\"height\":342,\"caption\":\"Cell Instruments Co., Ltd.\"},\"image\":{\"@id\":\"https:\/\/www.leakagetester.com\/#\/schema\/logo\/image\/\"},\"sameAs\":[\"https:\/\/www.facebook.com\/cellinstruments\/\"]}]}<\/script>\n<!-- \/ Yoast SEO plugin. -->","yoast_head_json":{"title":"L&#039;adre\u00e7a de la nostra p\u00e0gina web \u00e9s: https:\/\/www.leakagetester.com.- Tester de fuites","description":"Pol\u00edtica de privadesa per al lloc del provador de fuites d&#039;instruments cel\u00b7lulars. L&#039;adre\u00e7a de la nostra p\u00e0gina web \u00e9s: https:\/\/www.leakagetester.com","robots":{"index":"index","follow":"follow","max-snippet":"max-snippet:-1","max-image-preview":"max-image-preview:large","max-video-preview":"max-video-preview:-1"},"canonical":"https:\/\/www.leakagetester.com\/ca\/privacy-policy\/","og_locale":"ca_ES","og_type":"article","og_title":"Our website address is: https:\/\/www.leakagetester.com.- Leakage Tester","og_description":"Privacy Policy for Cell Instruments Leakage Tester Site. Our website address is: https:\/\/www.leakagetester.com","og_url":"https:\/\/www.leakagetester.com\/ca\/privacy-policy\/","og_site_name":"Leakage Tester","article_publisher":"https:\/\/www.facebook.com\/cellinstruments\/","article_modified_time":"2024-10-12T03:45:15+00:00","twitter_card":"summary_large_image","twitter_misc":{"Temps estimat de lectura":"3 minuts"},"schema":{"@context":"https:\/\/schema.org","@graph":[{"@type":"WebPage","@id":"https:\/\/www.leakagetester.com\/privacy-policy\/","url":"https:\/\/www.leakagetester.com\/privacy-policy\/","name":"L&#039;adre\u00e7a de la nostra p\u00e0gina web \u00e9s: https:\/\/www.leakagetester.com.- Tester de fuites","isPartOf":{"@id":"https:\/\/www.leakagetester.com\/#website"},"datePublished":"2024-05-24T03:41:31+00:00","dateModified":"2024-10-12T03:45:15+00:00","description":"Pol\u00edtica de privadesa per al lloc del provador de fuites d&#039;instruments cel\u00b7lulars. L&#039;adre\u00e7a de la nostra p\u00e0gina web \u00e9s: https:\/\/www.leakagetester.com","breadcrumb":{"@id":"https:\/\/www.leakagetester.com\/privacy-policy\/#breadcrumb"},"inLanguage":"ca","potentialAction":[{"@type":"ReadAction","target":["https:\/\/www.leakagetester.com\/privacy-policy\/"]}]},{"@type":"BreadcrumbList","@id":"https:\/\/www.leakagetester.com\/privacy-policy\/#breadcrumb","itemListElement":[{"@type":"ListItem","position":1,"name":"Home","item":"https:\/\/www.leakagetester.com\/"},{"@type":"ListItem","position":2,"name":"Privacy Policy"}]},{"@type":"WebSite","@id":"https:\/\/www.leakagetester.com\/#website","url":"https:\/\/www.leakagetester.com\/","name":"Solucions de proves de fuites","description":"CELL INSTRUMENTS CO., LTD.","publisher":{"@id":"https:\/\/www.leakagetester.com\/#organization"},"potentialAction":[{"@type":"SearchAction","target":{"@type":"EntryPoint","urlTemplate":"https:\/\/www.leakagetester.com\/?s={search_term_string}"},"query-input":{"@type":"PropertyValueSpecification","valueRequired":true,"valueName":"search_term_string"}}],"inLanguage":"ca"},{"@type":"Organization","@id":"https:\/\/www.leakagetester.com\/#organization","name":"Cell Instruments Co., Ltd.","url":"https:\/\/www.leakagetester.com\/","logo":{"@type":"ImageObject","inLanguage":"ca","@id":"https:\/\/www.leakagetester.com\/#\/schema\/logo\/image\/","url":"https:\/\/www.leakagetester.com\/wp-content\/uploads\/2024\/05\/EN-One-Stop-Solutions-Provider.png","contentUrl":"https:\/\/www.leakagetester.com\/wp-content\/uploads\/2024\/05\/EN-One-Stop-Solutions-Provider.png","width":1269,"height":342,"caption":"Cell Instruments Co., Ltd."},"image":{"@id":"https:\/\/www.leakagetester.com\/#\/schema\/logo\/image\/"},"sameAs":["https:\/\/www.facebook.com\/cellinstruments\/"]}]}},"uagb_featured_image_src":{"full":false,"thumbnail":false,"medium":false,"medium_large":false,"large":false,"1536x1536":false,"2048x2048":false,"trp-custom-language-flag":false},"uagb_author_info":{"display_name":"admin","author_link":"https:\/\/www.leakagetester.com\/ca\/author\/admin\/"},"uagb_comment_info":0,"uagb_excerpt":"Who we are Our website address is: https:\/\/www.leakagetester.com. Comments When visitors leave comments on the site we collect the data shown in the comments form, and also the visitor\u2019s IP address and browser user agent string to help spam detection. An anonymised string created from your email address (also called a hash) may be provided&hellip;","_links":{"self":[{"href":"https:\/\/www.leakagetester.com\/ca\/wp-json\/wp\/v2\/pages\/3","targetHints":{"allow":["GET"]}}],"collection":[{"href":"https:\/\/www.leakagetester.com\/ca\/wp-json\/wp\/v2\/pages"}],"about":[{"href":"https:\/\/www.leakagetester.com\/ca\/wp-json\/wp\/v2\/types\/page"}],"author":[{"embeddable":true,"href":"https:\/\/www.leakagetester.com\/ca\/wp-json\/wp\/v2\/users\/1"}],"replies":[{"embeddable":true,"href":"https:\/\/www.leakagetester.com\/ca\/wp-json\/wp\/v2\/comments?post=3"}],"version-history":[{"count":0,"href":"https:\/\/www.leakagetester.com\/ca\/wp-json\/wp\/v2\/pages\/3\/revisions"}],"wp:attachment":[{"href":"https:\/\/www.leakagetester.com\/ca\/wp-json\/wp\/v2\/media?parent=3"}],"curies":[{"name":"wp","href":"https:\/\/api.w.org\/{rel}","templated":true}]}}