{"id":3,"date":"2024-05-24T04:41:31","date_gmt":"2024-05-24T03:41:31","guid":{"rendered":"https:\/\/www.leakagetester.com\/?page_id=3"},"modified":"2024-10-12T04:45:15","modified_gmt":"2024-10-12T03:45:15","slug":"privacy-policy","status":"publish","type":"page","link":"https:\/\/www.leakagetester.com\/hu\/privacy-policy\/","title":{"rendered":"Adatv\u00e9delmi szab\u00e1lyzat"},"content":{"rendered":"<h2 class=\"wp-block-heading\">Kik vagyunk<\/h2>\n\n\n\n<p>Weboldalunk c\u00edme: https:\/\/www.leakagetester.com.<\/p>\n\n\n\n<h2 class=\"wp-block-heading\">Megjegyz\u00e9sek<\/h2>\n\n\n\n<p>Amikor a l\u00e1togat\u00f3k megjegyz\u00e9seket f\u0171znek az oldalhoz, gy\u0171jtj\u00fck a megjegyz\u00e9s \u0171rlapon megjelen\u0151 adatokat, valamint a l\u00e1togat\u00f3 IP-c\u00edm\u00e9t \u00e9s a b\u00f6ng\u00e9sz\u0151 felhaszn\u00e1l\u00f3i \u00fcgyn\u00f6k karakterl\u00e1nc\u00e1t, hogy seg\u00edts\u00fck a spam \u00e9szlel\u00e9s\u00e9t.<\/p>\n\n\n\n<p>Az \u00d6n e-mail c\u00edm\u00e9b\u0151l l\u00e9trehozott anonim karakterl\u00e1nc (m\u00e1s n\u00e9ven hash) a Gravatar szolg\u00e1ltat\u00e1shoz ker\u00fclhet, hogy ellen\u0151rizze, haszn\u00e1lja-e. A Gravatar szolg\u00e1ltat\u00e1s adatv\u00e9delmi szab\u00e1lyzata itt \u00e9rhet\u0151 el: https:\/\/automattic.com\/privacy\/. Hozz\u00e1sz\u00f3l\u00e1sod j\u00f3v\u00e1hagy\u00e1sa ut\u00e1n profilk\u00e9ped a nyilv\u00e1noss\u00e1g sz\u00e1m\u00e1ra l\u00e1that\u00f3v\u00e1 v\u00e1lik a hozz\u00e1sz\u00f3l\u00e1soddal \u00f6sszef\u00fcgg\u00e9sben.<\/p>\n\n\n\n<h2 class=\"wp-block-heading\">M\u00e9dia<\/h2>\n\n\n\n<p>Ha k\u00e9peket t\u00f6lt fel a webhelyre, ker\u00fclje a be\u00e1gyazott helyadatokat (EXIF GPS) tartalmaz\u00f3 k\u00e9pek felt\u00f6lt\u00e9s\u00e9t. A webhely l\u00e1togat\u00f3i let\u00f6lthetik \u00e9s kivonhatj\u00e1k a webhelyen tal\u00e1lhat\u00f3 k\u00e9pekb\u0151l a helyadatokat.<\/p>\n\n\n\n<h2 class=\"wp-block-heading\">Cookie-k<\/h2>\n\n\n\n<p>Ha megjegyz\u00e9st \u00edr oldalunkhoz, enged\u00e9lyezheti nev\u00e9nek, e-mail c\u00edm\u00e9nek \u00e9s webhely\u00e9nek cookie-kba val\u00f3 ment\u00e9s\u00e9t. Ezek az \u00d6n k\u00e9nyelm\u00e9t szolg\u00e1lj\u00e1k, hogy ne kelljen \u00fajra megadnia adatait, amikor \u00fajabb megjegyz\u00e9st \u00edr. Ezek a s\u00fctik egy \u00e9vig eltartanak.<\/p>\n\n\n\n<p>Ha megl\u00e1togatja bejelentkez\u00e9si oldalunkat, ideiglenes cookie-t \u00e1ll\u00edtunk be annak meg\u00e1llap\u00edt\u00e1s\u00e1ra, hogy b\u00f6ng\u00e9sz\u0151je elfogadja-e a cookie-kat. Ez a s\u00fcti nem tartalmaz szem\u00e9lyes adatokat, \u00e9s a b\u00f6ng\u00e9sz\u0151 bez\u00e1r\u00e1sakor t\u00f6rl\u0151dik.<\/p>\n\n\n\n<p>Amikor bejelentkezik, t\u00f6bb cookie-t is be\u00e1ll\u00edtunk, amelyek elmentik a bejelentkez\u00e9si adatait \u00e9s a k\u00e9perny\u0151 megjelen\u00edt\u00e9si lehet\u0151s\u00e9geit. A bejelentkez\u00e9si cookie-k k\u00e9t napig, a k\u00e9perny\u0151be\u00e1ll\u00edt\u00e1si cookie-k pedig egy \u00e9vig m\u0171k\u00f6dnek. Ha az \u201eEml\u00e9kezz r\u00e1m\u201d lehet\u0151s\u00e9get v\u00e1lasztja, a bejelentkez\u00e9s k\u00e9t h\u00e9tig megmarad. Ha kijelentkezik fi\u00f3kj\u00e1b\u00f3l, a bejelentkez\u00e9si cookie-k t\u00f6rl\u0151dnek.<\/p>\n\n\n\n<p>Ha szerkeszt vagy k\u00f6zz\u00e9tesz egy cikket, a b\u00f6ng\u00e9sz\u0151 egy tov\u00e1bbi cookie-t ment el. Ez a cookie nem tartalmaz szem\u00e9lyes adatokat, \u00e9s egyszer\u0171en csak az \u00e9ppen szerkesztett cikk bejegyz\u00e9sazonos\u00edt\u00f3j\u00e1t jelzi. 1 nap m\u00falva lej\u00e1r.<\/p>\n\n\n\n<h2 class=\"wp-block-heading\">Be\u00e1gyazott tartalom m\u00e1s webhelyekr\u0151l<\/h2>\n\n\n\n<p>Az ezen az oldalon tal\u00e1lhat\u00f3 cikkek tartalmazhatnak be\u00e1gyazott tartalmat (pl. vide\u00f3k, k\u00e9pek, cikkek stb.). A m\u00e1s webhelyekr\u0151l sz\u00e1rmaz\u00f3 be\u00e1gyazott tartalom pontosan ugyan\u00fagy viselkedik, mintha a l\u00e1togat\u00f3 megl\u00e1togatta volna a m\u00e1sik webhelyet.<\/p>\n\n\n\n<p>Ezek a webhelyek adatokat gy\u0171jthetnek \u00d6nr\u0151l, cookie-kat haszn\u00e1lhatnak, tov\u00e1bbi, harmadik f\u00e9lt\u0151l sz\u00e1rmaz\u00f3 nyomon k\u00f6vet\u00e9st \u00e1gyazhatnak be, \u00e9s figyelemmel k\u00eds\u00e9rhetik az \u00d6n interakci\u00f3j\u00e1t a be\u00e1gyazott tartalommal, bele\u00e9rtve a be\u00e1gyazott tartalommal val\u00f3 interakci\u00f3 nyomon k\u00f6vet\u00e9s\u00e9t is, ha rendelkezik fi\u00f3kkal, \u00e9s be van jelentkezve az adott webhelyre.<\/p>\n\n\n\n<h2 class=\"wp-block-heading\">Kivel osztjuk meg adatait<\/h2>\n\n\n\n<p><strong class=\"privacy-policy-tutorial\"> <\/strong>Ha jelsz\u00f3-vissza\u00e1ll\u00edt\u00e1st k\u00e9r, az IP-c\u00edme szerepelni fog a vissza\u00e1ll\u00edt\u00f3 e-mailben.<\/p>\n\n\n\n<h2 class=\"wp-block-heading\">Mennyi ideig \u0151rizz\u00fck meg adatait<\/h2>\n\n\n\n<p>Ha megjegyz\u00e9st \u00edr, a megjegyz\u00e9st \u00e9s metaadatait korl\u00e1tlan ideig meg\u0151rizz\u00fck. Ez az\u00e9rt van \u00edgy, hogy minden tov\u00e1bbi megjegyz\u00e9st automatikusan felismerj\u00fcnk \u00e9s j\u00f3v\u00e1hagyhassunk, ahelyett, hogy moder\u00e1l\u00e1si sorban tartan\u00e1nk \u0151ket.<\/p>\n\n\n\n<p>Azon felhaszn\u00e1l\u00f3k sz\u00e1m\u00e1ra, akik regisztr\u00e1lnak a weboldalunkon (ha vannak), az \u00e1ltaluk megadott szem\u00e9lyes adatokat a felhaszn\u00e1l\u00f3i profiljukban is t\u00e1roljuk. Minden felhaszn\u00e1l\u00f3 b\u00e1rmikor megtekintheti, szerkesztheti vagy t\u00f6r\u00f6lheti szem\u00e9lyes adatait (kiv\u00e9ve, hogy nem m\u00f3dos\u00edthatja felhaszn\u00e1l\u00f3nev\u00e9t). A webhely rendszergazd\u00e1i is l\u00e1thatj\u00e1k \u00e9s szerkeszthetik ezeket az inform\u00e1ci\u00f3kat.<\/p>\n\n\n\n<h2 class=\"wp-block-heading\">Milyen jogai vannak az adataival kapcsolatban<\/h2>\n\n\n\n<p>Ha rendelkezik fi\u00f3kkal ezen az oldalon, vagy megjegyz\u00e9seket f\u0171z\u00f6tt hozz\u00e1, k\u00e9rhet egy export\u00e1lt f\u00e1jlt az \u00d6nr\u0151l t\u00e1rolt szem\u00e9lyes adatokr\u00f3l, bele\u00e9rtve az \u00d6n \u00e1ltal rendelkez\u00e9s\u00fcnkre bocs\u00e1tott adatokat is. Azt is k\u00e9rheti, hogy t\u00f6r\u00f6lj\u00fck az \u00d6nr\u0151l t\u00e1rolt szem\u00e9lyes adatokat. Ez nem foglalja mag\u00e1ban azokat az adatokat, amelyeket adminisztrat\u00edv, jogi vagy biztons\u00e1gi c\u00e9lb\u00f3l k\u00f6telesek vagyunk meg\u0151rizni.<\/p>\n\n\n\n<h2 class=\"wp-block-heading\">Hov\u00e1 k\u00fcldik az adatait<\/h2>\n\n\n\n<p>A l\u00e1togat\u00f3k megjegyz\u00e9sei egy automata spam\u00e9szlel\u0151 szolg\u00e1ltat\u00e1son kereszt\u00fcl ellen\u0151rizhet\u0151k.<\/p>","protected":false},"excerpt":{"rendered":"<p>Kik vagyunk Honlapunk c\u00edme: https:\/\/www.leakagetester.com. Hozz\u00e1sz\u00f3l\u00e1sok Amikor a l\u00e1togat\u00f3k hozz\u00e1sz\u00f3l\u00e1sokat hagynak a weboldalon, a spamek felder\u00edt\u00e9se \u00e9rdek\u00e9ben \u00f6sszegy\u0171jtj\u00fck a hozz\u00e1sz\u00f3l\u00e1si \u0171rlapon felt\u00fcntetett adatokat, valamint a l\u00e1togat\u00f3 IP-c\u00edm\u00e9t \u00e9s a b\u00f6ng\u00e9sz\u0151 felhaszn\u00e1l\u00f3i \u00fcgyn\u00f6k\u00e9nek karakterl\u00e1nc\u00e1t. Az \u00d6n e-mail c\u00edm\u00e9b\u0151l l\u00e9trehozott anonimiz\u00e1lt karakterl\u00e1nc (m\u00e1s n\u00e9ven hash) is megadhat\u00f3 [...].","protected":false},"author":1,"featured_media":0,"parent":0,"menu_order":0,"comment_status":"closed","ping_status":"open","template":"","meta":{"_uag_custom_page_level_css":"","footnotes":""},"class_list":["post-3","page","type-page","status-publish","hentry"],"yoast_head":"<!-- This site is optimized with the Yoast SEO plugin v25.5 - https:\/\/yoast.com\/wordpress\/plugins\/seo\/ -->\n<title>Our website address is: https:\/\/www.leakagetester.com.- Leakage Tester<\/title>\n<meta name=\"description\" content=\"Privacy Policy for Cell Instruments Leakage Tester Site. Our website address is: https:\/\/www.leakagetester.com\" \/>\n<meta name=\"robots\" content=\"index, follow, max-snippet:-1, max-image-preview:large, max-video-preview:-1\" \/>\n<link rel=\"canonical\" href=\"https:\/\/www.leakagetester.com\/hu\/privacy-policy\/\" \/>\n<meta property=\"og:locale\" content=\"hu_HU\" \/>\n<meta property=\"og:type\" content=\"article\" \/>\n<meta property=\"og:title\" content=\"Our website address is: https:\/\/www.leakagetester.com.- Leakage Tester\" \/>\n<meta property=\"og:description\" content=\"Privacy Policy for Cell Instruments Leakage Tester Site. Our website address is: https:\/\/www.leakagetester.com\" \/>\n<meta property=\"og:url\" content=\"https:\/\/www.leakagetester.com\/hu\/privacy-policy\/\" \/>\n<meta property=\"og:site_name\" content=\"Leakage Tester\" \/>\n<meta property=\"article:publisher\" content=\"https:\/\/www.facebook.com\/cellinstruments\/\" \/>\n<meta property=\"article:modified_time\" content=\"2024-10-12T03:45:15+00:00\" \/>\n<meta name=\"twitter:card\" content=\"summary_large_image\" \/>\n<meta name=\"twitter:label1\" content=\"Becs\u00fclt olvas\u00e1si id\u0151\" \/>\n\t<meta name=\"twitter:data1\" content=\"3 perc\" \/>\n<script type=\"application\/ld+json\" class=\"yoast-schema-graph\">{\"@context\":\"https:\/\/schema.org\",\"@graph\":[{\"@type\":\"WebPage\",\"@id\":\"https:\/\/www.leakagetester.com\/privacy-policy\/\",\"url\":\"https:\/\/www.leakagetester.com\/privacy-policy\/\",\"name\":\"Our website address is: https:\/\/www.leakagetester.com.- Leakage Tester\",\"isPartOf\":{\"@id\":\"https:\/\/www.leakagetester.com\/#website\"},\"datePublished\":\"2024-05-24T03:41:31+00:00\",\"dateModified\":\"2024-10-12T03:45:15+00:00\",\"description\":\"Privacy Policy for Cell Instruments Leakage Tester Site. Our website address is: https:\/\/www.leakagetester.com\",\"breadcrumb\":{\"@id\":\"https:\/\/www.leakagetester.com\/privacy-policy\/#breadcrumb\"},\"inLanguage\":\"hu\",\"potentialAction\":[{\"@type\":\"ReadAction\",\"target\":[\"https:\/\/www.leakagetester.com\/privacy-policy\/\"]}]},{\"@type\":\"BreadcrumbList\",\"@id\":\"https:\/\/www.leakagetester.com\/privacy-policy\/#breadcrumb\",\"itemListElement\":[{\"@type\":\"ListItem\",\"position\":1,\"name\":\"Home\",\"item\":\"https:\/\/www.leakagetester.com\/\"},{\"@type\":\"ListItem\",\"position\":2,\"name\":\"Privacy Policy\"}]},{\"@type\":\"WebSite\",\"@id\":\"https:\/\/www.leakagetester.com\/#website\",\"url\":\"https:\/\/www.leakagetester.com\/\",\"name\":\"Leakage Testing Solutions\",\"description\":\"CELL INSTRUMENTS CO., LTD.\",\"publisher\":{\"@id\":\"https:\/\/www.leakagetester.com\/#organization\"},\"potentialAction\":[{\"@type\":\"SearchAction\",\"target\":{\"@type\":\"EntryPoint\",\"urlTemplate\":\"https:\/\/www.leakagetester.com\/?s={search_term_string}\"},\"query-input\":{\"@type\":\"PropertyValueSpecification\",\"valueRequired\":true,\"valueName\":\"search_term_string\"}}],\"inLanguage\":\"hu\"},{\"@type\":\"Organization\",\"@id\":\"https:\/\/www.leakagetester.com\/#organization\",\"name\":\"Cell Instruments Co., Ltd.\",\"url\":\"https:\/\/www.leakagetester.com\/\",\"logo\":{\"@type\":\"ImageObject\",\"inLanguage\":\"hu\",\"@id\":\"https:\/\/www.leakagetester.com\/#\/schema\/logo\/image\/\",\"url\":\"https:\/\/www.leakagetester.com\/wp-content\/uploads\/2024\/05\/EN-One-Stop-Solutions-Provider.png\",\"contentUrl\":\"https:\/\/www.leakagetester.com\/wp-content\/uploads\/2024\/05\/EN-One-Stop-Solutions-Provider.png\",\"width\":1269,\"height\":342,\"caption\":\"Cell Instruments Co., Ltd.\"},\"image\":{\"@id\":\"https:\/\/www.leakagetester.com\/#\/schema\/logo\/image\/\"},\"sameAs\":[\"https:\/\/www.facebook.com\/cellinstruments\/\"]}]}<\/script>\n<!-- \/ Yoast SEO plugin. -->","yoast_head_json":{"title":"Weboldalunk c\u00edme: https:\/\/www.leakagetester.com.- Leakage Tester","description":"A Cell Instruments sziv\u00e1rg\u00e1stesztel\u0151 webhely adatv\u00e9delmi szab\u00e1lyzata. Weboldalunk c\u00edme: https:\/\/www.leakagetester.com","robots":{"index":"index","follow":"follow","max-snippet":"max-snippet:-1","max-image-preview":"max-image-preview:large","max-video-preview":"max-video-preview:-1"},"canonical":"https:\/\/www.leakagetester.com\/hu\/privacy-policy\/","og_locale":"hu_HU","og_type":"article","og_title":"Our website address is: https:\/\/www.leakagetester.com.- Leakage Tester","og_description":"Privacy Policy for Cell Instruments Leakage Tester Site. Our website address is: https:\/\/www.leakagetester.com","og_url":"https:\/\/www.leakagetester.com\/hu\/privacy-policy\/","og_site_name":"Leakage Tester","article_publisher":"https:\/\/www.facebook.com\/cellinstruments\/","article_modified_time":"2024-10-12T03:45:15+00:00","twitter_card":"summary_large_image","twitter_misc":{"Becs\u00fclt olvas\u00e1si id\u0151":"3 perc"},"schema":{"@context":"https:\/\/schema.org","@graph":[{"@type":"WebPage","@id":"https:\/\/www.leakagetester.com\/privacy-policy\/","url":"https:\/\/www.leakagetester.com\/privacy-policy\/","name":"Weboldalunk c\u00edme: https:\/\/www.leakagetester.com.- Leakage Tester","isPartOf":{"@id":"https:\/\/www.leakagetester.com\/#website"},"datePublished":"2024-05-24T03:41:31+00:00","dateModified":"2024-10-12T03:45:15+00:00","description":"A Cell Instruments sziv\u00e1rg\u00e1stesztel\u0151 webhely adatv\u00e9delmi szab\u00e1lyzata. Weboldalunk c\u00edme: https:\/\/www.leakagetester.com","breadcrumb":{"@id":"https:\/\/www.leakagetester.com\/privacy-policy\/#breadcrumb"},"inLanguage":"hu","potentialAction":[{"@type":"ReadAction","target":["https:\/\/www.leakagetester.com\/privacy-policy\/"]}]},{"@type":"BreadcrumbList","@id":"https:\/\/www.leakagetester.com\/privacy-policy\/#breadcrumb","itemListElement":[{"@type":"ListItem","position":1,"name":"Home","item":"https:\/\/www.leakagetester.com\/"},{"@type":"ListItem","position":2,"name":"Privacy Policy"}]},{"@type":"WebSite","@id":"https:\/\/www.leakagetester.com\/#website","url":"https:\/\/www.leakagetester.com\/","name":"Sziv\u00e1rg\u00e1svizsg\u00e1lati megold\u00e1sok","description":"CELL INSTRUMENTS CO., LTD.","publisher":{"@id":"https:\/\/www.leakagetester.com\/#organization"},"potentialAction":[{"@type":"SearchAction","target":{"@type":"EntryPoint","urlTemplate":"https:\/\/www.leakagetester.com\/?s={search_term_string}"},"query-input":{"@type":"PropertyValueSpecification","valueRequired":true,"valueName":"search_term_string"}}],"inLanguage":"hu"},{"@type":"Organization","@id":"https:\/\/www.leakagetester.com\/#organization","name":"Cell Instruments Co., Ltd.","url":"https:\/\/www.leakagetester.com\/","logo":{"@type":"ImageObject","inLanguage":"hu","@id":"https:\/\/www.leakagetester.com\/#\/schema\/logo\/image\/","url":"https:\/\/www.leakagetester.com\/wp-content\/uploads\/2024\/05\/EN-One-Stop-Solutions-Provider.png","contentUrl":"https:\/\/www.leakagetester.com\/wp-content\/uploads\/2024\/05\/EN-One-Stop-Solutions-Provider.png","width":1269,"height":342,"caption":"Cell Instruments Co., Ltd."},"image":{"@id":"https:\/\/www.leakagetester.com\/#\/schema\/logo\/image\/"},"sameAs":["https:\/\/www.facebook.com\/cellinstruments\/"]}]}},"uagb_featured_image_src":{"full":false,"thumbnail":false,"medium":false,"medium_large":false,"large":false,"1536x1536":false,"2048x2048":false,"trp-custom-language-flag":false},"uagb_author_info":{"display_name":"admin","author_link":"https:\/\/www.leakagetester.com\/hu\/author\/admin\/"},"uagb_comment_info":0,"uagb_excerpt":"Who we are Our website address is: https:\/\/www.leakagetester.com. Comments When visitors leave comments on the site we collect the data shown in the comments form, and also the visitor\u2019s IP address and browser user agent string to help spam detection. An anonymised string created from your email address (also called a hash) may be provided&hellip;","_links":{"self":[{"href":"https:\/\/www.leakagetester.com\/hu\/wp-json\/wp\/v2\/pages\/3","targetHints":{"allow":["GET"]}}],"collection":[{"href":"https:\/\/www.leakagetester.com\/hu\/wp-json\/wp\/v2\/pages"}],"about":[{"href":"https:\/\/www.leakagetester.com\/hu\/wp-json\/wp\/v2\/types\/page"}],"author":[{"embeddable":true,"href":"https:\/\/www.leakagetester.com\/hu\/wp-json\/wp\/v2\/users\/1"}],"replies":[{"embeddable":true,"href":"https:\/\/www.leakagetester.com\/hu\/wp-json\/wp\/v2\/comments?post=3"}],"version-history":[{"count":0,"href":"https:\/\/www.leakagetester.com\/hu\/wp-json\/wp\/v2\/pages\/3\/revisions"}],"wp:attachment":[{"href":"https:\/\/www.leakagetester.com\/hu\/wp-json\/wp\/v2\/media?parent=3"}],"curies":[{"name":"wp","href":"https:\/\/api.w.org\/{rel}","templated":true}]}}