{"id":3,"date":"2024-05-24T04:41:31","date_gmt":"2024-05-24T03:41:31","guid":{"rendered":"https:\/\/www.leakagetester.com\/?page_id=3"},"modified":"2024-10-12T04:45:15","modified_gmt":"2024-10-12T03:45:15","slug":"privacy-policy","status":"publish","type":"page","link":"https:\/\/www.leakagetester.com\/sl\/privacy-policy\/","title":{"rendered":"Politika zasebnosti"},"content":{"rendered":"<h2 class=\"wp-block-heading\">Kdo smo<\/h2>\n\n\n\n<p>Na\u0161 spletni naslov je: https:\/\/www.leakagetester.com.<\/p>\n\n\n\n<h2 class=\"wp-block-heading\">Komentarji<\/h2>\n\n\n\n<p>Ko obiskovalci pustijo komentarje na spletnem mestu, zberemo podatke, prikazane v obrazcu za komentarje, ter tudi naslov IP obiskovalca in niz uporabni\u0161kega agenta brskalnika za pomo\u010d pri odkrivanju ne\u017eelene po\u0161te.<\/p>\n\n\n\n<p>Storitvi Gravatar se lahko posreduje anonimiziran niz, ustvarjen iz va\u0161ega e-po\u0161tnega naslova (imenovan tudi zgo\u0161\u010dena vrednost), da preveri, ali ga uporabljate. Politika zasebnosti storitve Gravatar je na voljo tukaj: https:\/\/automattic.com\/privacy\/. Po odobritvi va\u0161ega komentarja je va\u0161a profilna slika vidna javnosti v kontekstu va\u0161ega komentarja.<\/p>\n\n\n\n<h2 class=\"wp-block-heading\">Mediji<\/h2>\n\n\n\n<p>\u010ce nalagate slike na spletno mesto, se izogibajte nalaganju slik z vklju\u010denimi vdelanimi podatki o lokaciji (EXIF GPS). Obiskovalci spletnega mesta lahko prenesejo in izvle\u010dejo vse podatke o lokaciji iz slik na spletnem mestu.<\/p>\n\n\n\n<h2 class=\"wp-block-heading\">Pi\u0161kotki<\/h2>\n\n\n\n<p>\u010ce pustite komentar na na\u0161em spletnem mestu, se lahko odlo\u010dite za shranjevanje va\u0161ega imena, e-po\u0161tnega naslova in spletnega mesta v pi\u0161kotkih. To je za va\u0161e udobje, tako da vam ni treba znova vna\u0161ati svojih podatkov, ko pustite nov komentar. Ti pi\u0161kotki bodo trajali eno leto.<\/p>\n\n\n\n<p>\u010ce obi\u0161\u010dete na\u0161o prijavno stran, bomo nastavili za\u010dasni pi\u0161kotek, da ugotovimo, ali va\u0161 brskalnik sprejema pi\u0161kotke. Ta pi\u0161kotek ne vsebuje osebnih podatkov in se zavr\u017ee, ko zaprete brskalnik.<\/p>\n\n\n\n<p>Ko se prijavite, bomo nastavili tudi ve\u010d pi\u0161kotkov, da shranimo va\u0161e podatke za prijavo in va\u0161e izbire prikaza na zaslonu. Pi\u0161kotki za prijavo trajajo dva dni, pi\u0161kotki z mo\u017enostmi zaslona pa eno leto. \u010ce izberete \u00bbZapomni si me\u00ab, bo va\u0161a prijava vztrajala dva tedna. \u010ce se odjavite iz svojega ra\u010duna, bodo prijavni pi\u0161kotki odstranjeni.<\/p>\n\n\n\n<p>\u010ce uredite ali objavite \u010dlanek, se v va\u0161 brskalnik shrani dodaten pi\u0161kotek. Ta pi\u0161kotek ne vsebuje nobenih osebnih podatkov in samo ozna\u010duje ID objave \u010dlanka, ki ste ga pravkar uredili. Pote\u010de po 1 dnevu.<\/p>\n\n\n\n<h2 class=\"wp-block-heading\">Vdelana vsebina z drugih spletnih mest<\/h2>\n\n\n\n<p>\u010clanki na tem spletnem mestu lahko vklju\u010dujejo vdelano vsebino (npr. videe, slike, \u010dlanke itd.). Vdelana vsebina z drugih spletnih mest se obna\u0161a na povsem enak na\u010din, kot \u010de bi obiskovalec obiskal drugo spletno mesto.<\/p>\n\n\n\n<p>Ta spletna mesta lahko zbirajo podatke o vas, uporabljajo pi\u0161kotke, vdelajo dodatno sledenje tretjih oseb in spremljajo va\u0161o interakcijo s to vdelano vsebino, vklju\u010dno s sledenjem va\u0161i interakciji z vdelano vsebino, \u010de imate ra\u010dun in ste prijavljeni na to spletno mesto.<\/p>\n\n\n\n<h2 class=\"wp-block-heading\">S kom delimo va\u0161e podatke<\/h2>\n\n\n\n<p><strong class=\"privacy-policy-tutorial\"> <\/strong>\u010ce zahtevate ponastavitev gesla, bo va\u0161 naslov IP vklju\u010den v e-po\u0161tno sporo\u010dilo za ponastavitev.<\/p>\n\n\n\n<h2 class=\"wp-block-heading\">Kako dolgo hranimo va\u0161e podatke<\/h2>\n\n\n\n<p>\u010ce pustite komentar, se komentar in njegovi metapodatki hranijo za nedolo\u010den \u010das. To je zato, da lahko samodejno prepoznamo in odobrimo nadaljnje komentarje, namesto da jih zadr\u017eimo v \u010dakalni vrsti za moderiranje.<\/p>\n\n\n\n<p>Za uporabnike, ki se registrirajo na na\u0161i spletni strani (\u010de obstajajo), hranimo tudi osebne podatke, ki jih posredujejo v svojem uporabni\u0161kem profilu. Vsi uporabniki lahko kadar koli vidijo, uredijo ali izbri\u0161ejo svoje osebne podatke (le da ne morejo spremeniti uporabni\u0161kega imena). Skrbniki spletnega mesta lahko tudi vidijo in urejajo te podatke.<\/p>\n\n\n\n<h2 class=\"wp-block-heading\">Kak\u0161ne pravice imate do svojih podatkov<\/h2>\n\n\n\n<p>\u010ce imate ra\u010dun na tem spletnem mestu ali ste pustili komentarje, lahko zahtevate prejem izvo\u017eene datoteke osebnih podatkov, ki jih imamo o vas, vklju\u010dno z vsemi podatki, ki ste nam jih posredovali. Prav tako lahko zahtevate, da izbri\u0161emo vse osebne podatke, ki jih imamo o vas. To ne vklju\u010duje nobenih podatkov, ki smo jih dol\u017eni hraniti za administrativne, pravne ali varnostne namene.<\/p>\n\n\n\n<h2 class=\"wp-block-heading\">Kam so poslani va\u0161i podatki<\/h2>\n\n\n\n<p>Komentarje obiskovalcev je mogo\u010de preveriti prek storitve avtomatiziranega zaznavanja ne\u017eelene po\u0161te.<\/p>","protected":false},"excerpt":{"rendered":"<p>Kdo smo Na\u0161 spletni naslov je: https:\/\/www.leakagetester.com. Komentarji Ko obiskovalci na spletnem mestu pustijo komentarje, zbiramo podatke, ki so prikazani v obrazcu za komentarje, ter tudi obiskoval\u010dev naslov IP in niz uporabni\u0161kega agenta brskalnika za la\u017eje odkrivanje ne\u017eelene po\u0161te. Iz va\u0161ega e-po\u0161tnega naslova se lahko ustvari anonimiziran niz (imenovan tudi hash) [...]","protected":false},"author":1,"featured_media":0,"parent":0,"menu_order":0,"comment_status":"closed","ping_status":"open","template":"","meta":{"_uag_custom_page_level_css":"","footnotes":""},"class_list":["post-3","page","type-page","status-publish","hentry"],"yoast_head":"<!-- This site is optimized with the Yoast SEO plugin v25.5 - https:\/\/yoast.com\/wordpress\/plugins\/seo\/ -->\n<title>Our website address is: https:\/\/www.leakagetester.com.- Leakage Tester<\/title>\n<meta name=\"description\" content=\"Privacy Policy for Cell Instruments Leakage Tester Site. Our website address is: https:\/\/www.leakagetester.com\" \/>\n<meta name=\"robots\" content=\"index, follow, max-snippet:-1, max-image-preview:large, max-video-preview:-1\" \/>\n<link rel=\"canonical\" href=\"https:\/\/www.leakagetester.com\/sl\/privacy-policy\/\" \/>\n<meta property=\"og:locale\" content=\"sl_SI\" \/>\n<meta property=\"og:type\" content=\"article\" \/>\n<meta property=\"og:title\" content=\"Our website address is: https:\/\/www.leakagetester.com.- Leakage Tester\" \/>\n<meta property=\"og:description\" content=\"Privacy Policy for Cell Instruments Leakage Tester Site. Our website address is: https:\/\/www.leakagetester.com\" \/>\n<meta property=\"og:url\" content=\"https:\/\/www.leakagetester.com\/sl\/privacy-policy\/\" \/>\n<meta property=\"og:site_name\" content=\"Leakage Tester\" \/>\n<meta property=\"article:publisher\" content=\"https:\/\/www.facebook.com\/cellinstruments\/\" \/>\n<meta property=\"article:modified_time\" content=\"2024-10-12T03:45:15+00:00\" \/>\n<meta name=\"twitter:card\" content=\"summary_large_image\" \/>\n<meta name=\"twitter:label1\" content=\"Est. reading time\" \/>\n\t<meta name=\"twitter:data1\" content=\"3 minute\" \/>\n<script type=\"application\/ld+json\" class=\"yoast-schema-graph\">{\"@context\":\"https:\/\/schema.org\",\"@graph\":[{\"@type\":\"WebPage\",\"@id\":\"https:\/\/www.leakagetester.com\/privacy-policy\/\",\"url\":\"https:\/\/www.leakagetester.com\/privacy-policy\/\",\"name\":\"Our website address is: https:\/\/www.leakagetester.com.- Leakage Tester\",\"isPartOf\":{\"@id\":\"https:\/\/www.leakagetester.com\/#website\"},\"datePublished\":\"2024-05-24T03:41:31+00:00\",\"dateModified\":\"2024-10-12T03:45:15+00:00\",\"description\":\"Privacy Policy for Cell Instruments Leakage Tester Site. Our website address is: https:\/\/www.leakagetester.com\",\"breadcrumb\":{\"@id\":\"https:\/\/www.leakagetester.com\/privacy-policy\/#breadcrumb\"},\"inLanguage\":\"sl-SI\",\"potentialAction\":[{\"@type\":\"ReadAction\",\"target\":[\"https:\/\/www.leakagetester.com\/privacy-policy\/\"]}]},{\"@type\":\"BreadcrumbList\",\"@id\":\"https:\/\/www.leakagetester.com\/privacy-policy\/#breadcrumb\",\"itemListElement\":[{\"@type\":\"ListItem\",\"position\":1,\"name\":\"Home\",\"item\":\"https:\/\/www.leakagetester.com\/\"},{\"@type\":\"ListItem\",\"position\":2,\"name\":\"Privacy Policy\"}]},{\"@type\":\"WebSite\",\"@id\":\"https:\/\/www.leakagetester.com\/#website\",\"url\":\"https:\/\/www.leakagetester.com\/\",\"name\":\"Leakage Testing Solutions\",\"description\":\"CELL INSTRUMENTS CO., LTD.\",\"publisher\":{\"@id\":\"https:\/\/www.leakagetester.com\/#organization\"},\"potentialAction\":[{\"@type\":\"SearchAction\",\"target\":{\"@type\":\"EntryPoint\",\"urlTemplate\":\"https:\/\/www.leakagetester.com\/?s={search_term_string}\"},\"query-input\":{\"@type\":\"PropertyValueSpecification\",\"valueRequired\":true,\"valueName\":\"search_term_string\"}}],\"inLanguage\":\"sl-SI\"},{\"@type\":\"Organization\",\"@id\":\"https:\/\/www.leakagetester.com\/#organization\",\"name\":\"Cell Instruments Co., Ltd.\",\"url\":\"https:\/\/www.leakagetester.com\/\",\"logo\":{\"@type\":\"ImageObject\",\"inLanguage\":\"sl-SI\",\"@id\":\"https:\/\/www.leakagetester.com\/#\/schema\/logo\/image\/\",\"url\":\"https:\/\/www.leakagetester.com\/wp-content\/uploads\/2024\/05\/EN-One-Stop-Solutions-Provider.png\",\"contentUrl\":\"https:\/\/www.leakagetester.com\/wp-content\/uploads\/2024\/05\/EN-One-Stop-Solutions-Provider.png\",\"width\":1269,\"height\":342,\"caption\":\"Cell Instruments Co., Ltd.\"},\"image\":{\"@id\":\"https:\/\/www.leakagetester.com\/#\/schema\/logo\/image\/\"},\"sameAs\":[\"https:\/\/www.facebook.com\/cellinstruments\/\"]}]}<\/script>\n<!-- \/ Yoast SEO plugin. -->","yoast_head_json":{"title":"Na\u0161 spletni naslov je: https:\/\/www.leakagetester.com.- Leakage Tester","description":"Pravilnik o zasebnosti za spletno mesto za testiranje pu\u0161\u010danja celi\u010dnih instrumentov. Na\u0161 spletni naslov je: https:\/\/www.leakagetester.com","robots":{"index":"index","follow":"follow","max-snippet":"max-snippet:-1","max-image-preview":"max-image-preview:large","max-video-preview":"max-video-preview:-1"},"canonical":"https:\/\/www.leakagetester.com\/sl\/privacy-policy\/","og_locale":"sl_SI","og_type":"article","og_title":"Our website address is: https:\/\/www.leakagetester.com.- Leakage Tester","og_description":"Privacy Policy for Cell Instruments Leakage Tester Site. Our website address is: https:\/\/www.leakagetester.com","og_url":"https:\/\/www.leakagetester.com\/sl\/privacy-policy\/","og_site_name":"Leakage Tester","article_publisher":"https:\/\/www.facebook.com\/cellinstruments\/","article_modified_time":"2024-10-12T03:45:15+00:00","twitter_card":"summary_large_image","twitter_misc":{"Est. reading time":"3 minute"},"schema":{"@context":"https:\/\/schema.org","@graph":[{"@type":"WebPage","@id":"https:\/\/www.leakagetester.com\/privacy-policy\/","url":"https:\/\/www.leakagetester.com\/privacy-policy\/","name":"Na\u0161 spletni naslov je: https:\/\/www.leakagetester.com.- Leakage Tester","isPartOf":{"@id":"https:\/\/www.leakagetester.com\/#website"},"datePublished":"2024-05-24T03:41:31+00:00","dateModified":"2024-10-12T03:45:15+00:00","description":"Pravilnik o zasebnosti za spletno mesto za testiranje pu\u0161\u010danja celi\u010dnih instrumentov. Na\u0161 spletni naslov je: https:\/\/www.leakagetester.com","breadcrumb":{"@id":"https:\/\/www.leakagetester.com\/privacy-policy\/#breadcrumb"},"inLanguage":"sl-SI","potentialAction":[{"@type":"ReadAction","target":["https:\/\/www.leakagetester.com\/privacy-policy\/"]}]},{"@type":"BreadcrumbList","@id":"https:\/\/www.leakagetester.com\/privacy-policy\/#breadcrumb","itemListElement":[{"@type":"ListItem","position":1,"name":"Home","item":"https:\/\/www.leakagetester.com\/"},{"@type":"ListItem","position":2,"name":"Privacy Policy"}]},{"@type":"WebSite","@id":"https:\/\/www.leakagetester.com\/#website","url":"https:\/\/www.leakagetester.com\/","name":"Re\u0161itve za testiranje pu\u0161\u010danja","description":"CELL INSTRUMENTS CO., LTD.","publisher":{"@id":"https:\/\/www.leakagetester.com\/#organization"},"potentialAction":[{"@type":"SearchAction","target":{"@type":"EntryPoint","urlTemplate":"https:\/\/www.leakagetester.com\/?s={search_term_string}"},"query-input":{"@type":"PropertyValueSpecification","valueRequired":true,"valueName":"search_term_string"}}],"inLanguage":"sl-SI"},{"@type":"Organization","@id":"https:\/\/www.leakagetester.com\/#organization","name":"Cell Instruments Co., Ltd.","url":"https:\/\/www.leakagetester.com\/","logo":{"@type":"ImageObject","inLanguage":"sl-SI","@id":"https:\/\/www.leakagetester.com\/#\/schema\/logo\/image\/","url":"https:\/\/www.leakagetester.com\/wp-content\/uploads\/2024\/05\/EN-One-Stop-Solutions-Provider.png","contentUrl":"https:\/\/www.leakagetester.com\/wp-content\/uploads\/2024\/05\/EN-One-Stop-Solutions-Provider.png","width":1269,"height":342,"caption":"Cell Instruments Co., Ltd."},"image":{"@id":"https:\/\/www.leakagetester.com\/#\/schema\/logo\/image\/"},"sameAs":["https:\/\/www.facebook.com\/cellinstruments\/"]}]}},"uagb_featured_image_src":{"full":false,"thumbnail":false,"medium":false,"medium_large":false,"large":false,"1536x1536":false,"2048x2048":false,"trp-custom-language-flag":false},"uagb_author_info":{"display_name":"admin","author_link":"https:\/\/www.leakagetester.com\/sl\/author\/admin\/"},"uagb_comment_info":0,"uagb_excerpt":"Who we are Our website address is: https:\/\/www.leakagetester.com. Comments When visitors leave comments on the site we collect the data shown in the comments form, and also the visitor\u2019s IP address and browser user agent string to help spam detection. An anonymised string created from your email address (also called a hash) may be provided&hellip;","_links":{"self":[{"href":"https:\/\/www.leakagetester.com\/sl\/wp-json\/wp\/v2\/pages\/3","targetHints":{"allow":["GET"]}}],"collection":[{"href":"https:\/\/www.leakagetester.com\/sl\/wp-json\/wp\/v2\/pages"}],"about":[{"href":"https:\/\/www.leakagetester.com\/sl\/wp-json\/wp\/v2\/types\/page"}],"author":[{"embeddable":true,"href":"https:\/\/www.leakagetester.com\/sl\/wp-json\/wp\/v2\/users\/1"}],"replies":[{"embeddable":true,"href":"https:\/\/www.leakagetester.com\/sl\/wp-json\/wp\/v2\/comments?post=3"}],"version-history":[{"count":0,"href":"https:\/\/www.leakagetester.com\/sl\/wp-json\/wp\/v2\/pages\/3\/revisions"}],"wp:attachment":[{"href":"https:\/\/www.leakagetester.com\/sl\/wp-json\/wp\/v2\/media?parent=3"}],"curies":[{"name":"wp","href":"https:\/\/api.w.org\/{rel}","templated":true}]}}