{"id":2272,"date":"2024-10-16T06:50:15","date_gmt":"2024-10-16T05:50:15","guid":{"rendered":"https:\/\/www.leakagetester.com\/?page_id=2272"},"modified":"2025-06-13T11:51:57","modified_gmt":"2025-06-13T03:51:57","slug":"contact","status":"publish","type":"page","link":"https:\/\/www.leakagetester.com\/vi\/contact\/","title":{"rendered":"Li\u00ean h\u1ec7"},"content":{"rendered":"<div class=\"row row-collapse row-full-width\"  id=\"row-101521742\">\n\n\n\t<div id=\"col-1410655593\" class=\"col small-12 large-12\"  >\n\t\t\t\t<div class=\"col-inner\"  >\n\t\t\t\n\t\t\t\n\n\t<section class=\"section has-parallax\" id=\"section_1380357620\">\n\t\t<div class=\"bg section-bg fill bg-fill\" data-parallax-container=\".section\" data-parallax-background data-parallax=\"-3\">\n\n\t\t\t\n\t\t\t\n\t\t\t\n\n\t\t<\/div>\n\n\t\t\n\n\t\t<div class=\"section-content relative\">\n\t\t\t\n\n<div class=\"row row-collapse align-center\" style=\"max-width:\" id=\"row-624946447\">\n\n\n\t<div id=\"col-163567174\" class=\"col small-12 large-12\"  >\n\t\t\t\t<div class=\"col-inner text-center dark\"  >\n\t\t\t\n\t\t\t\n\n<h1><span style=\"font-size: 250%;\">Li\u00ean h\u1ec7 v\u1edbi M\u00e1y ki\u1ec3m tra r\u00f2 r\u1ec9&nbsp;<\/span><\/h1>\n<p class=\"lead\"><span style=\"font-size: 120%;\">G\u1eedi cho ch\u00fang t\u00f4i Cell Instruments m\u1ed9t tin nh\u1eafn<\/span><\/p>\n\n\t\t<\/div>\n\t\t\t\t\n<style>\n#col-163567174 > .col-inner {\n  padding: 100px 20px 200px 0px;\n}\n@media (min-width:550px) {\n  #col-163567174 > .col-inner {\n    padding: 100px 0px 200px 0px;\n  }\n}\n<\/style>\n\t<\/div>\n\n\t\n\n<\/div>\n\n\t\t<\/div>\n\n\t\t\n<style>\n#section_1380357620 {\n  padding-top: 0px;\n  padding-bottom: 0px;\n  min-height: 0px;\n}\n#section_1380357620 .section-bg-overlay {\n  background-color: rgba(0, 0, 0, 0.12);\n}\n#section_1380357620 .section-bg.bg-loaded {\n  background-image: url(https:\/\/www.leakagetester.com\/wp-content\/uploads\/2024\/10\/Cell-Instruments-Office--scaled.webp);\n}\n#section_1380357620 .section-bg {\n  background-position: 73% 46%;\n}\n@media (min-width:550px) {\n  #section_1380357620 {\n    padding-top: 0px;\n    padding-bottom: 0px;\n  }\n  #section_1380357620 .section-bg-overlay {\n    background-color: rgba(0, 0, 0, 0.21);\n  }\n}\n@media (min-width:850px) {\n  #section_1380357620 {\n    padding-top: 100px;\n    padding-bottom: 100px;\n  }\n}\n<\/style>\n\t<\/section>\n\t\n\n\t\t<\/div>\n\t\t\t\t\n<style>\n#col-1410655593 > .col-inner {\n  padding: 0px 30px 0px 30px;\n}\n<\/style>\n\t<\/div>\n\n\t\n\n<\/div>\n<div class=\"row row-large\" style=\"max-width:1400px\" id=\"row-1809288701\">\n\n\n\t<div id=\"col-2146243302\" class=\"col small-12 large-12\"  >\n\t\t\t\t<div class=\"col-inner\" style=\"background-color:rgb(255, 255, 255);\" >\n\t\t\t\n\t\t\t\n\n<div class=\"row row-collapse row-full-width\"  id=\"row-150813474\">\n\n\n\t<div id=\"col-901233060\" class=\"col medium-12 small-12 large-6\"  >\n\t\t\t\t<div class=\"col-inner\"  >\n\t\t\t\n\t\t\t\n\n<h2><span style=\"font-size: 120%;\">Li\u00ean h\u1ec7 v\u1edbi ch\u00fang t\u00f4i<\/span><\/h2>\n<p>Ch\u00fang t\u00f4i \u1edf \u0111\u00e2y \u0111\u1ec3 h\u1ed7 tr\u1ee3 b\u1ea1n trong nhu c\u1ea7u ki\u1ec3m tra r\u00f2 r\u1ec9!<\/p>\n\t<div id=\"gap-458710427\" class=\"gap-element clearfix\" style=\"display:block; height:auto;\">\n\t\t\n<style>\n#gap-458710427 {\n  padding-top: 20px;\n}\n@media (min-width:550px) {\n  #gap-458710427 {\n    padding-top: 20px;\n  }\n}\n@media (min-width:850px) {\n  #gap-458710427 {\n    padding-top: 30px;\n  }\n}\n<\/style>\n\t<\/div>\n\t\n\n<div class=\"row\"  id=\"row-1827106568\">\n\n\n\t<div id=\"col-604393428\" class=\"col medium-6 small-12 large-6\"  >\n\t\t\t\t<div class=\"col-inner\"  >\n\t\t\t\n\t\t\t\n\n\t<div class=\"img has-hover x md-x lg-x y md-y lg-y\" id=\"image_1958706321\">\n\t\t\t\t\t\t\t\t<div class=\"img-inner dark\" >\n\t\t\t<img fetchpriority=\"high\" decoding=\"async\" width=\"240\" height=\"240\" src=\"https:\/\/www.leakagetester.com\/wp-content\/uploads\/2024\/10\/map-pin-2-fill-2.png\" class=\"attachment-large size-large\" alt=\"\" srcset=\"https:\/\/www.leakagetester.com\/wp-content\/uploads\/2024\/10\/map-pin-2-fill-2.png 240w, https:\/\/www.leakagetester.com\/wp-content\/uploads\/2024\/10\/map-pin-2-fill-2-100x100.png 100w\" sizes=\"(max-width: 240px) 100vw, 240px\" \/>\t\t\t\t\t\t\n\t\t\t\t\t<\/div>\n\t\t\t\t\t\t\t\t\n<style>\n#image_1958706321 {\n  width: 15%;\n}\n@media (min-width:550px) {\n  #image_1958706321 {\n    width: 20%;\n  }\n}\n<\/style>\n\t<\/div>\n\t\n\n<h3 class=\"uppercase\">\u0110\u1ecba ch\u1ec9<\/h3>\n<p>S\u1ed1 5577, \u0110\u01b0\u1eddng C\u00f4ng D\u00e3 B\u1eafc,&nbsp;<br \/>T\u1ebf Nam, 250109\uff0c<br \/>S\u01a1n \u0110\u00f4ng, Trung Qu\u1ed1c<\/p>\n\n\t\t<\/div>\n\t\t\t\t\t<\/div>\n\n\t\n\n\t<div id=\"col-1958380883\" class=\"col medium-5 small-12 large-6\"  >\n\t\t\t\t<div class=\"col-inner\"  >\n\t\t\t\n\t\t\t\n\n\t<div class=\"img has-hover x md-x lg-x y md-y lg-y\" id=\"image_1309199873\">\n\t\t\t\t\t\t\t\t<div class=\"img-inner dark\" >\n\t\t\t<img decoding=\"async\" width=\"240\" height=\"240\" src=\"https:\/\/www.leakagetester.com\/wp-content\/uploads\/2024\/10\/time-fill.png\" class=\"attachment-large size-large\" alt=\"\" srcset=\"https:\/\/www.leakagetester.com\/wp-content\/uploads\/2024\/10\/time-fill.png 240w, https:\/\/www.leakagetester.com\/wp-content\/uploads\/2024\/10\/time-fill-100x100.png 100w\" sizes=\"(max-width: 240px) 100vw, 240px\" \/>\t\t\t\t\t\t\n\t\t\t\t\t<\/div>\n\t\t\t\t\t\t\t\t\n<style>\n#image_1309199873 {\n  width: 15%;\n}\n@media (min-width:550px) {\n  #image_1309199873 {\n    width: 20%;\n  }\n}\n<\/style>\n\t<\/div>\n\t\n\n<h3 class=\"uppercase\">Gi\u1edd m\u1edf c\u1eeda<\/h3>\n<p>Th\u1ee9 Hai \u0111\u1ebfn Th\u1ee9 S\u00e1u: 8 gi\u1edd s\u00e1ng \u2013 6 gi\u1edd chi\u1ec1u<br \/>Th\u1ee9 B\u1ea3y: 8 gi\u1edd s\u00e1ng \u2013 5 gi\u1edd chi\u1ec1u<br \/>Ch\u1ee7 Nh\u1eadt: \u0110\u00f3ng c\u1eeda<\/p>\n\n\t\t<\/div>\n\t\t\t\t\t<\/div>\n\n\t\n\n<\/div>\n<div class=\"row\"  id=\"row-1068083142\">\n\n\n\t<div id=\"col-664097931\" class=\"col medium-6 small-12 large-6\"  >\n\t\t\t\t<div class=\"col-inner\"  >\n\t\t\t\n\t\t\t\n\n\t<div class=\"img has-hover x md-x lg-x y md-y lg-y\" id=\"image_1677989361\">\n\t\t\t\t\t\t\t\t<div class=\"img-inner dark\" >\n\t\t\t<img decoding=\"async\" width=\"240\" height=\"240\" src=\"https:\/\/www.leakagetester.com\/wp-content\/uploads\/2024\/10\/mail-open-fill.png\" class=\"attachment-large size-large\" alt=\"\" srcset=\"https:\/\/www.leakagetester.com\/wp-content\/uploads\/2024\/10\/mail-open-fill.png 240w, https:\/\/www.leakagetester.com\/wp-content\/uploads\/2024\/10\/mail-open-fill-100x100.png 100w\" sizes=\"(max-width: 240px) 100vw, 240px\" \/>\t\t\t\t\t\t\n\t\t\t\t\t<\/div>\n\t\t\t\t\t\t\t\t\n<style>\n#image_1677989361 {\n  width: 15%;\n}\n@media (min-width:550px) {\n  #image_1677989361 {\n    width: 20%;\n  }\n}\n<\/style>\n\t<\/div>\n\t\n\n<h3 class=\"uppercase\">E-mail<\/h3>\n<p>marketing@celtec.cn<\/p>\n\n\t\t<\/div>\n\t\t\t\t\t<\/div>\n\n\t\n\n\t<div id=\"col-1243786342\" class=\"col medium-6 small-12 large-6\"  >\n\t\t\t\t<div class=\"col-inner\"  >\n\t\t\t\n\t\t\t\n\n\t<div class=\"img has-hover x md-x lg-x y md-y lg-y\" id=\"image_149456030\">\n\t\t\t\t\t\t\t\t<div class=\"img-inner dark\" >\n\t\t\t<img loading=\"lazy\" decoding=\"async\" width=\"240\" height=\"240\" src=\"https:\/\/www.leakagetester.com\/wp-content\/uploads\/2024\/10\/phone-fill.png\" class=\"attachment-large size-large\" alt=\"\" srcset=\"https:\/\/www.leakagetester.com\/wp-content\/uploads\/2024\/10\/phone-fill.png 240w, https:\/\/www.leakagetester.com\/wp-content\/uploads\/2024\/10\/phone-fill-100x100.png 100w\" sizes=\"(max-width: 240px) 100vw, 240px\" \/>\t\t\t\t\t\t\n\t\t\t\t\t<\/div>\n\t\t\t\t\t\t\t\t\n<style>\n#image_149456030 {\n  width: 15%;\n}\n@media (min-width:550px) {\n  #image_149456030 {\n    width: 20%;\n  }\n}\n<\/style>\n\t<\/div>\n\t\n\n<h3 class=\"uppercase\">\u0111i\u1ec7n tho\u1ea1i<\/h3>\n<p>+86 18560013985 (7*24H)<\/p>\n\n\t\t<\/div>\n\t\t\t\t\t<\/div>\n\n\t\n\n<\/div>\n<h3 class=\"uppercase\">Theo d\u00f5i ch\u00fang t\u00f4i<\/h3>\n<div class=\"social-icons follow-icons\" ><a href=\"https:\/\/www.facebook.com\/cellinstruments\/\" target=\"_blank\" data-label=\"Facebook\" class=\"icon button circle is-outline facebook tooltip\" title=\"Theo d\u00f5i tr\u00ean Facebook\" aria-label=\"Theo d\u00f5i tr\u00ean Facebook\" rel=\"noopener nofollow\" ><i class=\"icon-facebook\" ><\/i><\/a><a href=\"https:\/\/x.com\/celtecowen\" data-label=\"X\" target=\"_blank\" class=\"icon button circle is-outline x tooltip\" title=\"Theo d\u00f5i X\" aria-label=\"Theo d\u00f5i X\" rel=\"noopener nofollow\" ><i class=\"icon-x\" ><\/i><\/a><a href=\"https:\/\/x.com\/celtecowen\" data-label=\"Twitter\" target=\"_blank\" class=\"icon button circle is-outline twitter tooltip\" title=\"Theo d\u00f5i tr\u00ean Twitter\" aria-label=\"Theo d\u00f5i tr\u00ean Twitter\" rel=\"noopener nofollow\" ><i class=\"icon-twitter\" ><\/i><\/a><a href=\"mailto:marketing@gmail.com\" data-label=\"E-mail\" target=\"_blank\" class=\"icon button circle is-outline email tooltip\" title=\"G\u1eedi email cho ch\u00fang t\u00f4i\" aria-label=\"G\u1eedi email cho ch\u00fang t\u00f4i\" rel=\"nofollow noopener\" ><i class=\"icon-envelop\" ><\/i><\/a><a href=\"\/vi\/\u0111i\u1ec7n tho\u1ea1i: +8618560013985\/\" data-label=\"Phone\" target=\"_blank\" class=\"icon button circle is-outline phone tooltip\" title=\"G\u1ecdi cho ch\u00fang t\u00f4i\" aria-label=\"G\u1ecdi cho ch\u00fang t\u00f4i\" rel=\"nofollow noopener\" ><i class=\"icon-phone\" ><\/i><\/a><a href=\"https:\/\/www.linkedin.com\/company\/cell-instruments\" data-label=\"LinkedIn\" target=\"_blank\" class=\"icon button circle is-outline linkedin tooltip\" title=\"Theo d\u00f5i tr\u00ean LinkedIn\" aria-label=\"Theo d\u00f5i tr\u00ean LinkedIn\" rel=\"noopener nofollow\" ><i class=\"icon-linkedin\" ><\/i><\/a><a href=\"https:\/\/www.youtube.com\/@cellinstruments\" data-label=\"YouTube\" target=\"_blank\" class=\"icon button circle is-outline youtube tooltip\" title=\"Theo d\u00f5i tr\u00ean YouTube\" aria-label=\"Theo d\u00f5i tr\u00ean YouTube\" rel=\"noopener nofollow\" ><i class=\"icon-youtube\" ><\/i><\/a><\/div>\n\n\n\t\t<\/div>\n\t\t\t\t\n<style>\n#col-901233060 > .col-inner {\n  padding: 0px 0px 0px 20px;\n}\n<\/style>\n\t<\/div>\n\n\t\n\n\t<div id=\"col-1652774984\" class=\"col medium-12 small-12 large-6\"  >\n\t\t\t\t<div class=\"col-inner\"  >\n\t\t\t\n\t\t\t\n\n<h2><span style=\"font-size: 120%;\">\u0110\u1eb7t m\u1ed9t c\u00e2u h\u1ecfi<\/span><\/h2>\n\t<div id=\"gap-504640338\" class=\"gap-element clearfix\" style=\"display:block; height:auto;\">\n\t\t\n<style>\n#gap-504640338 {\n  padding-top: 20px;\n}\n@media (min-width:550px) {\n  #gap-504640338 {\n    padding-top: 20px;\n  }\n}\n@media (min-width:850px) {\n  #gap-504640338 {\n    padding-top: 30px;\n  }\n}\n<\/style>\n\t<\/div>\n\t\n\n\n<div class=\"wpcf7 no-js\" id=\"wpcf7-f1729-o1\" lang=\"en-GB\" dir=\"ltr\" data-wpcf7-id=\"1729\">\n<div class=\"screen-reader-response\"><p role=\"status\" aria-live=\"polite\" aria-atomic=\"true\"><\/p> <ul><\/ul><\/div>\n<form action=\"\/vi\/wp-json\/wp\/v2\/pages\/2272#wpcf7-f1729-o1\" method=\"post\" class=\"wpcf7-form init\" aria-label=\"Contact form\" novalidate=\"novalidate\" data-status=\"init\" data-trp-original-action=\"\/vi\/wp-json\/wp\/v2\/pages\/2272#wpcf7-f1729-o1\">\n<div style=\"display: none;\">\n<input type=\"hidden\" name=\"_wpcf7\" value=\"1729\" \/>\n<input type=\"hidden\" name=\"_wpcf7_version\" value=\"6.0.6\" \/>\n<input type=\"hidden\" name=\"_wpcf7_locale\" value=\"en_GB\" \/>\n<input type=\"hidden\" name=\"_wpcf7_unit_tag\" value=\"wpcf7-f1729-o1\" \/>\n<input type=\"hidden\" name=\"_wpcf7_container_post\" value=\"0\" \/>\n<input type=\"hidden\" name=\"_wpcf7_posted_data_hash\" value=\"\" \/>\n<input type=\"hidden\" name=\"_wpcf7_recaptcha_response\" value=\"\" \/>\n<\/div>\n<p><label> T\u00ean c\u1ee7a b\u1ea1n<br \/>\n<span class=\"wpcf7-form-control-wrap\" data-name=\"your-name\"><input size=\"40\" maxlength=\"400\" class=\"wpcf7-form-control wpcf7-text wpcf7-validates-as-required\" autocomplete=\"name\" aria-required=\"true\" aria-invalid=\"false\" value=\"\" type=\"text\" name=\"your-name\" \/><\/span> <\/label>\n<\/p>\n<p><label> \u0110\u1ecba ch\u1ec9 email c\u1ee7a b\u1ea1n<br \/>\n<span class=\"wpcf7-form-control-wrap\" data-name=\"your-email\"><input size=\"40\" maxlength=\"400\" class=\"wpcf7-form-control wpcf7-email wpcf7-validates-as-required wpcf7-text wpcf7-validates-as-email\" autocomplete=\"email\" aria-required=\"true\" aria-invalid=\"false\" value=\"\" type=\"email\" name=\"your-email\" \/><\/span> <\/label>\n<\/p>\n<p><label> Ch\u1ee7 \u0111\u1ec1<br \/>\n<span class=\"wpcf7-form-control-wrap\" data-name=\"your-subject\"><input size=\"40\" maxlength=\"400\" class=\"wpcf7-form-control wpcf7-text wpcf7-validates-as-required\" aria-required=\"true\" aria-invalid=\"false\" value=\"\" type=\"text\" name=\"your-subject\" \/><\/span> <\/label>\n<\/p>\n<p><label> Th\u00f4ng \u0111i\u1ec7p c\u1ee7a b\u1ea1n (kh\u00f4ng b\u1eaft bu\u1ed9c)<br \/>\n<span class=\"wpcf7-form-control-wrap\" data-name=\"your-message\"><textarea cols=\"40\" rows=\"10\" maxlength=\"2000\" class=\"wpcf7-form-control wpcf7-textarea\" aria-invalid=\"false\" name=\"your-message\"><\/textarea><\/span> <\/label>\n<\/p>\n<p><input class=\"wpcf7-form-control wpcf7-submit has-spinner\" type=\"submit\" value=\"N\u1ed9p\" \/>\n<\/p><div class=\"wpcf7-response-output\" aria-hidden=\"true\"><\/div>\n<input type=\"hidden\" name=\"trp-form-language\" value=\"vi\"\/><\/form>\n<\/div>\n\n\n\n\t\t<\/div>\n\t\t\t\t\t<\/div>\n\n\t\n\n\n<style>\n#row-150813474 > .col > .col-inner {\n  padding: 0px 15px 0px 15px;\n}\n<\/style>\n<\/div>\n\n\t\t<\/div>\n\t\t\t\t\n<style>\n#col-2146243302 > .col-inner {\n  padding: 50px 20px 0px 20px;\n  margin: -0 0px 0px 0px;\n}\n@media (min-width:550px) {\n  #col-2146243302 > .col-inner {\n    padding: 50px 20px 30px 20px;\n    margin: 0 0px 0px 0px;\n  }\n}\n@media (min-width:850px) {\n  #col-2146243302 > .col-inner {\n    padding: 66px 5% 16px 5%;\n    margin: -135px 0px 0px 0px;\n  }\n}\n<\/style>\n\t<\/div>\n\n\t\n\n<\/div>\n\n\t<script type=\"text\/javascript\">\n  jQuery( document ).ready(function() {\n    function initialize() {\n        var styles = {\n            'flatsome':  [{\n            \"featureType\": \"administrative\",\n            \"stylers\": [\n              { \"visibility\": \"on\" }\n            ]\n          },\n          {\n            \"featureType\": \"road\",\n            \"stylers\": [\n              { \"visibility\": \"on\" },\n              { \"hue\": \"\" }\n            ]\n          },\n          {\n            \"stylers\": [\n\t\t\t  { \"visibility\": \"on\" },\n\t\t\t  { \"hue\": \"\" },\n\t\t\t  { \"saturation\": -30 }\n            ]\n          }\n        ]};\n\n        var myLatlng = new google.maps.LatLng(117.27, 36.73);\n        var myOptions = {\n            zoom: 17,\n            center: myLatlng,\n            mapTypeId: google.maps.MapTypeId.ROADMAP,\n            disableDefaultUI: true,\n            mapTypeId: 'flatsome',\n            draggable: true,\n            zoomControl: false,\n            zoomControlOptions: {\n              position: google.maps.ControlPosition.TOP_LEFT\n            },\n      \t\t\t\/\/ panControl: false,\n            \/\/ panControlOptions: {\n            \/\/   position: google.maps.ControlPosition.TOP_LEFT\n            \/\/ },\n      \t\t\tmapTypeControl: false,\n            mapTypeControlOptions: {\n              position: google.maps.ControlPosition.TOP_LEFT\n            },\n      \t\t\t\/\/ scaleControl: false,\n            \/\/ scaleControlOptions: {\n            \/\/   position: google.maps.ControlPosition.TOP_LEFT\n            \/\/ },\n      \t\t\tstreetViewControl: false,\n            streetViewControlOptions: {\n              position: google.maps.ControlPosition.TOP_LEFT\n            },\n      \t\t\t\/\/ overviewMapControl: false,\n            \/\/ overviewMapControlOptions: {\n            \/\/   position: google.maps.ControlPosition.TOP_LEFT\n            \/\/ },\n            scrollwheel: false,\n            disableDoubleClickZoom: true\n        }\n        var map = new google.maps.Map(document.getElementById(\"map-2502076834-inner\"), myOptions);\n        var styledMapType = new google.maps.StyledMapType(styles['flatsome'], {name: 'flatsome'});\n        map.mapTypes.set('flatsome', styledMapType);\n\n        var marker = new google.maps.Marker({\n            position: myLatlng,\n            map: map,\n            title:\"\"\n        });\n    }\n\n    \/\/ Required to proceed\n    if (!(typeof google === 'object' && typeof google.maps === 'object')) {\n      return\n    }\n\n    initialize()\n    google.maps.event.addDomListener(window, 'resize', initialize);\n    });\n    <\/script>\n\n    <div class=\"google-map relative mb\" id=\"map-2502076834\">\n        <div class=\"map-height\" id=\"map-2502076834-inner\"><\/div>\n        <div id=\"map_overlay_top\"><\/div>\n        <div id=\"map_overlay_bottom\"><\/div>\n                  <div class=\"map_inner map-inner last-reset absolute x100 md-x95 lg-x95 y100 md-y95 lg-y95\">\n              \n\n<p>          Nh\u1eadp \u0111\u1ecba ch\u1ec9 \u0111\u01b0\u1eddng ph\u1ed1 \u1edf \u0111\u00e2y. Ho\u1eb7c b\u1ea5t k\u1ef3 th\u00f4ng tin n\u00e0o kh\u00e1c m\u00e0 b\u1ea1n mu\u1ed1n.<\/p>\n\n         <\/div>\n       \n       \n<style>\n#map-2502076834 .map-inner {\n  background-color: #fff;\n  max-width: 100%;\n}\n#map-2502076834 .map-height {\n  height: 400px;\n}\n@media (min-width:550px) {\n  #map-2502076834 .map-inner {\n    max-width: 40%;\n  }\n}\n@media (min-width:850px) {\n  #map-2502076834 .map-inner {\n    max-width: 30%;\n  }\n}\n<\/style>\n    <\/div>","protected":false},"excerpt":{"rendered":"","protected":false},"author":1,"featured_media":0,"parent":0,"menu_order":0,"comment_status":"closed","ping_status":"closed","template":"page-blank.php","meta":{"_uag_custom_page_level_css":"","footnotes":""},"class_list":["post-2272","page","type-page","status-publish","hentry"],"yoast_head":"<!-- This site is optimized with the Yoast SEO plugin v25.5 - https:\/\/yoast.com\/wordpress\/plugins\/seo\/ -->\n<title>Contact - Leakage Tester<\/title>\n<meta name=\"robots\" content=\"index, follow, max-snippet:-1, max-image-preview:large, max-video-preview:-1\" \/>\n<link rel=\"canonical\" href=\"https:\/\/www.leakagetester.com\/vi\/contact\/\" \/>\n<meta property=\"og:locale\" content=\"vi_VN\" \/>\n<meta property=\"og:type\" content=\"article\" \/>\n<meta property=\"og:title\" content=\"Contact - Leakage Tester\" \/>\n<meta property=\"og:url\" content=\"https:\/\/www.leakagetester.com\/vi\/contact\/\" \/>\n<meta property=\"og:site_name\" content=\"Leakage Tester\" \/>\n<meta property=\"article:publisher\" content=\"https:\/\/www.facebook.com\/cellinstruments\/\" \/>\n<meta property=\"article:modified_time\" content=\"2025-06-13T03:51:57+00:00\" \/>\n<meta name=\"twitter:card\" content=\"summary_large_image\" \/>\n<script type=\"application\/ld+json\" class=\"yoast-schema-graph\">{\"@context\":\"https:\/\/schema.org\",\"@graph\":[{\"@type\":\"WebPage\",\"@id\":\"https:\/\/www.leakagetester.com\/contact\/\",\"url\":\"https:\/\/www.leakagetester.com\/contact\/\",\"name\":\"Contact - Leakage Tester\",\"isPartOf\":{\"@id\":\"https:\/\/www.leakagetester.com\/#website\"},\"datePublished\":\"2024-10-16T05:50:15+00:00\",\"dateModified\":\"2025-06-13T03:51:57+00:00\",\"breadcrumb\":{\"@id\":\"https:\/\/www.leakagetester.com\/contact\/#breadcrumb\"},\"inLanguage\":\"vi\",\"potentialAction\":[{\"@type\":\"ReadAction\",\"target\":[\"https:\/\/www.leakagetester.com\/contact\/\"]}]},{\"@type\":\"BreadcrumbList\",\"@id\":\"https:\/\/www.leakagetester.com\/contact\/#breadcrumb\",\"itemListElement\":[{\"@type\":\"ListItem\",\"position\":1,\"name\":\"Home\",\"item\":\"https:\/\/www.leakagetester.com\/\"},{\"@type\":\"ListItem\",\"position\":2,\"name\":\"Contact\"}]},{\"@type\":\"WebSite\",\"@id\":\"https:\/\/www.leakagetester.com\/#website\",\"url\":\"https:\/\/www.leakagetester.com\/\",\"name\":\"Leakage Testing Solutions\",\"description\":\"CELL INSTRUMENTS CO., LTD.\",\"publisher\":{\"@id\":\"https:\/\/www.leakagetester.com\/#organization\"},\"potentialAction\":[{\"@type\":\"SearchAction\",\"target\":{\"@type\":\"EntryPoint\",\"urlTemplate\":\"https:\/\/www.leakagetester.com\/?s={search_term_string}\"},\"query-input\":{\"@type\":\"PropertyValueSpecification\",\"valueRequired\":true,\"valueName\":\"search_term_string\"}}],\"inLanguage\":\"vi\"},{\"@type\":\"Organization\",\"@id\":\"https:\/\/www.leakagetester.com\/#organization\",\"name\":\"Cell Instruments Co., Ltd.\",\"url\":\"https:\/\/www.leakagetester.com\/\",\"logo\":{\"@type\":\"ImageObject\",\"inLanguage\":\"vi\",\"@id\":\"https:\/\/www.leakagetester.com\/#\/schema\/logo\/image\/\",\"url\":\"https:\/\/www.leakagetester.com\/wp-content\/uploads\/2024\/05\/EN-One-Stop-Solutions-Provider.png\",\"contentUrl\":\"https:\/\/www.leakagetester.com\/wp-content\/uploads\/2024\/05\/EN-One-Stop-Solutions-Provider.png\",\"width\":1269,\"height\":342,\"caption\":\"Cell Instruments Co., Ltd.\"},\"image\":{\"@id\":\"https:\/\/www.leakagetester.com\/#\/schema\/logo\/image\/\"},\"sameAs\":[\"https:\/\/www.facebook.com\/cellinstruments\/\"]}]}<\/script>\n<!-- \/ Yoast SEO plugin. -->","yoast_head_json":{"title":"Li\u00ean h\u1ec7 - M\u00e1y ki\u1ec3m tra r\u00f2 r\u1ec9","robots":{"index":"index","follow":"follow","max-snippet":"max-snippet:-1","max-image-preview":"max-image-preview:large","max-video-preview":"max-video-preview:-1"},"canonical":"https:\/\/www.leakagetester.com\/vi\/contact\/","og_locale":"vi_VN","og_type":"article","og_title":"Contact - Leakage Tester","og_url":"https:\/\/www.leakagetester.com\/vi\/contact\/","og_site_name":"Leakage Tester","article_publisher":"https:\/\/www.facebook.com\/cellinstruments\/","article_modified_time":"2025-06-13T03:51:57+00:00","twitter_card":"summary_large_image","schema":{"@context":"https:\/\/schema.org","@graph":[{"@type":"WebPage","@id":"https:\/\/www.leakagetester.com\/contact\/","url":"https:\/\/www.leakagetester.com\/contact\/","name":"Li\u00ean h\u1ec7 - M\u00e1y ki\u1ec3m tra r\u00f2 r\u1ec9","isPartOf":{"@id":"https:\/\/www.leakagetester.com\/#website"},"datePublished":"2024-10-16T05:50:15+00:00","dateModified":"2025-06-13T03:51:57+00:00","breadcrumb":{"@id":"https:\/\/www.leakagetester.com\/contact\/#breadcrumb"},"inLanguage":"vi","potentialAction":[{"@type":"ReadAction","target":["https:\/\/www.leakagetester.com\/contact\/"]}]},{"@type":"BreadcrumbList","@id":"https:\/\/www.leakagetester.com\/contact\/#breadcrumb","itemListElement":[{"@type":"ListItem","position":1,"name":"Home","item":"https:\/\/www.leakagetester.com\/"},{"@type":"ListItem","position":2,"name":"Contact"}]},{"@type":"WebSite","@id":"https:\/\/www.leakagetester.com\/#website","url":"https:\/\/www.leakagetester.com\/","name":"Gi\u1ea3i ph\u00e1p ki\u1ec3m tra r\u00f2 r\u1ec9","description":"C\u00d4NG TY TNHH CELL INSTRUMENTS","publisher":{"@id":"https:\/\/www.leakagetester.com\/#organization"},"potentialAction":[{"@type":"SearchAction","target":{"@type":"EntryPoint","urlTemplate":"https:\/\/www.leakagetester.com\/?s={search_term_string}"},"query-input":{"@type":"PropertyValueSpecification","valueRequired":true,"valueName":"search_term_string"}}],"inLanguage":"vi"},{"@type":"Organization","@id":"https:\/\/www.leakagetester.com\/#organization","name":"C\u00f4ng ty TNHH Cell Instruments","url":"https:\/\/www.leakagetester.com\/","logo":{"@type":"ImageObject","inLanguage":"vi","@id":"https:\/\/www.leakagetester.com\/#\/schema\/logo\/image\/","url":"https:\/\/www.leakagetester.com\/wp-content\/uploads\/2024\/05\/EN-One-Stop-Solutions-Provider.png","contentUrl":"https:\/\/www.leakagetester.com\/wp-content\/uploads\/2024\/05\/EN-One-Stop-Solutions-Provider.png","width":1269,"height":342,"caption":"Cell Instruments Co., Ltd."},"image":{"@id":"https:\/\/www.leakagetester.com\/#\/schema\/logo\/image\/"},"sameAs":["https:\/\/www.facebook.com\/cellinstruments\/"]}]}},"uagb_featured_image_src":{"full":false,"thumbnail":false,"medium":false,"medium_large":false,"large":false,"1536x1536":false,"2048x2048":false,"trp-custom-language-flag":false},"uagb_author_info":{"display_name":"admin","author_link":"https:\/\/www.leakagetester.com\/vi\/author\/admin\/"},"uagb_comment_info":0,"uagb_excerpt":null,"_links":{"self":[{"href":"https:\/\/www.leakagetester.com\/vi\/wp-json\/wp\/v2\/pages\/2272","targetHints":{"allow":["GET"]}}],"collection":[{"href":"https:\/\/www.leakagetester.com\/vi\/wp-json\/wp\/v2\/pages"}],"about":[{"href":"https:\/\/www.leakagetester.com\/vi\/wp-json\/wp\/v2\/types\/page"}],"author":[{"embeddable":true,"href":"https:\/\/www.leakagetester.com\/vi\/wp-json\/wp\/v2\/users\/1"}],"replies":[{"embeddable":true,"href":"https:\/\/www.leakagetester.com\/vi\/wp-json\/wp\/v2\/comments?post=2272"}],"version-history":[{"count":0,"href":"https:\/\/www.leakagetester.com\/vi\/wp-json\/wp\/v2\/pages\/2272\/revisions"}],"wp:attachment":[{"href":"https:\/\/www.leakagetester.com\/vi\/wp-json\/wp\/v2\/media?parent=2272"}],"curies":[{"name":"wp","href":"https:\/\/api.w.org\/{rel}","templated":true}]}}